{"id":16929,"date":"2025-10-26T18:47:51","date_gmt":"2025-10-26T15:47:51","guid":{"rendered":"https:\/\/mediora.com.tr\/?page_id=16929"},"modified":"2025-10-27T19:59:07","modified_gmt":"2025-10-27T16:59:07","slug":"hydrafacial","status":"publish","type":"page","link":"https:\/\/mediora.com.tr\/en\/services\/medikal-estetik\/hydrafacial\/","title":{"rendered":"Hydrafacial"},"content":{"rendered":"<div data-elementor-type=\"wp-page\" data-elementor-id=\"16929\" class=\"elementor elementor-16929\" data-elementor-post-type=\"page\">\n\t\t\t\t\t\t<section class=\"elementor-section elementor-top-section elementor-element elementor-element-e7f3b92 elementor-section-stretched elementor-section-content-middle elementor-section-full_width elementor-section-height-default elementor-section-height-default\" data-id=\"e7f3b92\" data-element_type=\"section\" data-settings=\"{&quot;stretch_section&quot;:&quot;section-stretched&quot;,&quot;background_background&quot;:&quot;classic&quot;}\">\n\t\t\t\t\t\t\t<div class=\"elementor-background-overlay\"><\/div>\n\t\t\t\t\t\t\t<div class=\"elementor-container elementor-column-gap-default\">\n\t\t\t\t\t<div class=\"elementor-column elementor-col-100 elementor-top-column elementor-element elementor-element-16616e0\" data-id=\"16616e0\" data-element_type=\"column\">\n\t\t\t<div class=\"elementor-widget-wrap elementor-element-populated\">\n\t\t\t\t\t\t<div class=\"elementor-element elementor-element-d846765 elementor-align-justify elementor-mobile-align-justify elementor-widget elementor-widget-button\" data-id=\"d846765\" data-element_type=\"widget\" data-widget_type=\"button.default\">\n\t\t\t\t\t\t\t\t\t\t<a class=\"elementor-button elementor-size-sm\" role=\"button\">\n\t\t\t\t\t\t<span class=\"elementor-button-content-wrapper\">\n\t\t\t\t\t\t<span class=\"elementor-button-icon\">\n\t\t\t\t<svg xmlns=\"http:\/\/www.w3.org\/2000\/svg\" xmlns:xlink=\"http:\/\/www.w3.org\/1999\/xlink\" width=\"500\" zoomandpan=\"magnify\" viewbox=\"0 0 375 374.999991\" height=\"500\" preserveaspectratio=\"xMidYMid meet\"><defs><clippath id=\"2fd93a7afc\"><path d=\"M 92 65.335938 L 334.457031 65.335938 L 334.457031 364 L 92 364 Z M 92 65.335938 \"><\/path><\/clippath><clippath id=\"eb5077fb37\"><path d=\"M 257.402344 65.601562 C 301.59375 129.964844 272.53125 188.214844 249.199219 218.984375 C 236.292969 234.113281 195.90625 268.773438 92.058594 278.816406 C 92.058594 278.816406 98.296875 278.984375 108.210938 278.984375 C 128.511719 278.984375 164.195312 278.34375 193.726562 274.414062 C 164.664062 317.148438 185.394531 363.261719 185.394531 363.261719 C 180.605469 290.867188 233.515625 280.867188 262.789062 280.867188 C 265.566406 280.867188 268.171875 280.953125 270.4375 281.078125 C 273.429688 281.71875 277.105469 282.105469 281.507812 282.234375 C 281.679688 282.234375 281.847656 282.234375 282.0625 282.234375 C 319.882812 282.234375 312.917969 254.839844 310.4375 249.410156 C 308.089844 243.941406 308.34375 240.566406 316.292969 236.761719 C 324.242188 232.957031 322.019531 228.941406 317.320312 225.4375 C 312.617188 221.933594 317.578125 218.515625 320.566406 216.589844 C 323.558594 214.667969 327.363281 212.019531 321.464844 207.617188 C 312.617188 201.761719 320.824219 197.574219 329.285156 190.691406 C 337.875 183.898438 335.011719 177.65625 321.464844 167.742188 C 313.515625 161.886719 300.609375 149.367188 297.488281 117.828125 C 294.5 86.289062 257.359375 65.5625 257.359375 65.5625 Z M 257.402344 65.601562 \"><\/path><\/clippath><clippath id=\"666c924669\"><path d=\"M 39.21875 10 L 244 10 L 244 253 L 39.21875 253 Z M 39.21875 10 \"><\/path><\/clippath><clippath id=\"ce73a5f0f1\"><path d=\"M 178.683594 247.875 C 121.203125 243.429688 102.996094 213.855469 102.996094 213.855469 C 166.972656 198.46875 207.871094 223.085938 207.871094 223.085938 C 168.640625 155.476562 192.101562 96.671875 192.101562 96.671875 C 243.558594 125.09375 232.617188 212.53125 232.617188 212.53125 C 274.753906 80.6875 177.914062 10.21875 177.914062 10.21875 C 108.210938 119.152344 185.222656 201.761719 185.222656 201.761719 C 98.9375 158.339844 39.40625 198.085938 39.40625 198.085938 C 86.332031 274.199219 178.683594 247.875 178.683594 247.875 Z M 178.683594 247.875 \"><\/path><\/clippath><\/defs><g id=\"818776c8d4\"><g clip-rule=\"nonzero\" clip-path=\"url(#2fd93a7afc)\"><g clip-rule=\"nonzero\" clip-path=\"url(#eb5077fb37)\"><path style=\" stroke:none;fill-rule:nonzero;fill:#ffffff;fill-opacity:1;\" d=\"M 18.039062 -11.449219 L 356.960938 -11.449219 L 356.960938 387.050781 L 18.039062 387.050781 Z M 18.039062 -11.449219 \"><\/path><\/g><\/g><g clip-rule=\"nonzero\" clip-path=\"url(#666c924669)\"><g clip-rule=\"nonzero\" clip-path=\"url(#ce73a5f0f1)\"><path style=\" stroke:none;fill-rule:nonzero;fill:#ffffff;fill-opacity:1;\" d=\"M 18.039062 -11.449219 L 356.960938 -11.449219 L 356.960938 387.050781 L 18.039062 387.050781 Z M 18.039062 -11.449219 \"><\/path><\/g><\/g><\/g><\/svg>\t\t\t<\/span>\n\t\t\t\t\t\t\t\t\t<span class=\"elementor-button-text\">Hydrafacial<\/span>\n\t\t\t\t\t<\/span>\n\t\t\t\t\t<\/a>\n\t\t\t\t\t\t\t\t<\/div>\n\t\t\t\t\t<\/div>\n\t\t<\/div>\n\t\t\t\t\t<\/div>\n\t\t<\/section>\n\t\t<div class=\"elementor-element elementor-element-634c6f5 e-flex e-con-boxed e-con e-parent\" data-id=\"634c6f5\" data-element_type=\"container\">\n\t\t\t\t\t<div class=\"e-con-inner\">\n\t\t\t\t<div class=\"elementor-element elementor-element-57b0a0d elementor-widget elementor-widget-image\" data-id=\"57b0a0d\" data-element_type=\"widget\" data-widget_type=\"image.default\">\n\t\t\t\t\t\t\t\t\t\t\t\t\t\t\t<img fetchpriority=\"high\" decoding=\"async\" width=\"300\" height=\"300\" src=\"https:\/\/mediora.com.tr\/wp-content\/uploads\/2025\/10\/Hydrafacial-1-Mediora-300x300.webp\" class=\"attachment-medium size-medium wp-image-16794\" alt=\"\" srcset=\"https:\/\/mediora.com.tr\/wp-content\/uploads\/2025\/10\/Hydrafacial-1-Mediora-300x300.webp 300w, https:\/\/mediora.com.tr\/wp-content\/uploads\/2025\/10\/Hydrafacial-1-Mediora-150x150.webp 150w, https:\/\/mediora.com.tr\/wp-content\/uploads\/2025\/10\/Hydrafacial-1-Mediora-768x768.webp 768w, https:\/\/mediora.com.tr\/wp-content\/uploads\/2025\/10\/Hydrafacial-1-Mediora-720x720.webp 720w, https:\/\/mediora.com.tr\/wp-content\/uploads\/2025\/10\/Hydrafacial-1-Mediora-12x12.webp 12w, https:\/\/mediora.com.tr\/wp-content\/uploads\/2025\/10\/Hydrafacial-1-Mediora.webp 800w\" sizes=\"(max-width: 300px) 100vw, 300px\" \/>\t\t\t\t\t\t\t\t\t\t\t\t\t\t\t<\/div>\n\t\t\t\t\t<\/div>\n\t\t\t\t<\/div>\n\t\t<div class=\"elementor-element elementor-element-6bcce44 e-flex e-con-boxed e-con e-parent\" data-id=\"6bcce44\" data-element_type=\"container\">\n\t\t\t\t\t<div class=\"e-con-inner\">\n\t\t\t\t<div class=\"elementor-element elementor-element-b64f352 elementor-widget elementor-widget-heading\" data-id=\"b64f352\" data-element_type=\"widget\" data-widget_type=\"heading.default\">\n\t\t\t\t\t<h1 class=\"elementor-heading-title elementor-size-default\"><h1>Hydrafacial ile An\u0131nda Parlak ve Sa\u011fl\u0131kl\u0131 Bir Cilt<\/h1><\/h1>\t\t\t\t<\/div>\n\t\t\t\t<div class=\"elementor-element elementor-element-0fe3d7a elementor-widget elementor-widget-text-editor\" data-id=\"0fe3d7a\" data-element_type=\"widget\" data-widget_type=\"text-editor.default\">\n\t\t\t\t\t\t\t\t\tCildimiz her g\u00fcn g\u00fcne\u015f, stres, \u00e7evresel kirlilik ve makyaj kal\u0131nt\u0131lar\u0131 gibi bir\u00e7ok olumsuz fakt\u00f6rle m\u00fccadele eder. Bu durum g\u00f6zeneklerin t\u0131kanmas\u0131na, cildin matla\u015fmas\u0131na ve sa\u011fl\u0131ks\u0131z bir g\u00f6r\u00fcn\u00fcm almas\u0131na neden olur. Mediora olarak, cildinize kaybetti\u011fi \u0131\u015f\u0131lt\u0131y\u0131 ve sa\u011fl\u0131\u011f\u0131 tek bir seansta geri kazand\u0131rmak i\u00e7in Hydrafacial uygulamas\u0131n\u0131 sunuyoruz. Bu geli\u015fmi\u015f cilt yenileme sistemi, cildinize zarar vermeden, derinlemesine temizlik, ar\u0131nd\u0131rma, nemlendirme ve antioksidan korumay\u0131 birle\u015ftiren, ac\u0131s\u0131z ve konforlu bir medikal bak\u0131m prosed\u00fcr\u00fcd\u00fcr.\t\t\t\t\t\t\t\t<\/div>\n\t\t\t\t\t<\/div>\n\t\t\t\t<\/div>\n\t\t<div class=\"elementor-element elementor-element-6ba3b95 e-flex e-con-boxed e-con e-parent\" data-id=\"6ba3b95\" data-element_type=\"container\">\n\t\t\t\t\t<div class=\"e-con-inner\">\n\t\t\t\t<div class=\"elementor-element elementor-element-0f239e9 elementor-widget elementor-widget-heading\" data-id=\"0f239e9\" data-element_type=\"widget\" data-widget_type=\"heading.default\">\n\t\t\t\t\t<h2 class=\"elementor-heading-title elementor-size-default\"><h2>Hydrafacial'\u0131n 3 Ad\u0131ml\u0131 Bak\u0131m S\u00fcreci<\/h2><\/h2>\t\t\t\t<\/div>\n\t\t\t\t<div class=\"elementor-element elementor-element-072cd6c elementor-widget elementor-widget-text-editor\" data-id=\"072cd6c\" data-element_type=\"widget\" data-widget_type=\"text-editor.default\">\n\t\t\t\t\t\t\t\t\t<p>Hydrafacial, patentli &#8220;Vortex&#8221; (vakum) teknolojisini kullanan \u00e7ok a\u015famal\u0131 bir sistemdir. T\u00fcm i\u015flem \u00fc\u00e7 temel ad\u0131mdan olu\u015fur:<\/p><h4>1. Ad\u0131m: TEM\u0130ZLEME + ARINDIRMA<\/h4><p>\u00d6zel Vortex ba\u015fl\u0131\u011f\u0131 ile cilt nazik\u00e7e temizlenir. Ard\u0131ndan, g\u00f6zenekleri yumu\u015fatmak ve \u00f6l\u00fc h\u00fccreleri ar\u0131nd\u0131rmak i\u00e7in cilde glikolik ve salisilik asit bazl\u0131 bir peeling sol\u00fcsyonu uygulan\u0131r.<\/p><h4>2. Ad\u0131m: EKSTRAKS\u0130YON + NEMLEND\u0130RME<\/h4><p>Bu a\u015famada, patentli vakum g\u00fcc\u00fc sayesinde g\u00f6zenekler a\u011fr\u0131s\u0131z bir \u015fekilde derinlemesine temizlenir. Siyah noktalar, kir ve fazla sebum (ya\u011f) ciltten \u00e7ekilirken, ayn\u0131 anda cilde yo\u011fun nemlendirici sol\u00fcsyonlar verilir.<\/p><h4>3. Ad\u0131m: BESLEME + KORUMA<\/h4><p>Temizlenmi\u015f ve ar\u0131nd\u0131r\u0131lm\u0131\u015f cilde, antioksidanlar, peptitler ve hyaluronik asit i\u00e7eren zengin, besleyici serumlar inf\u00fcze edilir. Bu son dokunu\u015f, cildi korur, onar\u0131r ve an\u0131nda sa\u011fl\u0131kl\u0131 bir \u0131\u015f\u0131lt\u0131 kazand\u0131r\u0131r.<\/p>\t\t\t\t\t\t\t\t<\/div>\n\t\t\t\t\t<\/div>\n\t\t\t\t<\/div>\n\t\t<div class=\"elementor-element elementor-element-d059b79 e-flex e-con-boxed e-con e-parent\" data-id=\"d059b79\" data-element_type=\"container\">\n\t\t\t\t\t<div class=\"e-con-inner\">\n\t\t\t\t<div class=\"elementor-element elementor-element-159db9f elementor-widget elementor-widget-heading\" data-id=\"159db9f\" data-element_type=\"widget\" data-widget_type=\"heading.default\">\n\t\t\t\t\t<h2 class=\"elementor-heading-title elementor-size-default\"><h2>Hydrafacial'\u0131n Faydalar\u0131 ve Kullan\u0131m Alanlar\u0131<\/h2><\/h2>\t\t\t\t<\/div>\n\t\t\t\t<div class=\"elementor-element elementor-element-4ea00d1 elementor-widget elementor-widget-text-editor\" data-id=\"4ea00d1\" data-element_type=\"widget\" data-widget_type=\"text-editor.default\">\n\t\t\t\t\t\t\t\t\tHydrafacial, bir\u00e7ok cilt sorununa tek bir seansta \u00e7\u00f6z\u00fcm sunar: <ul> <li>T\u0131kal\u0131 ve geni\u015flemi\u015f g\u00f6zenekleri derinlemesine temizler.<\/li> <li>Siyah nokta ve a\u015f\u0131r\u0131 sebumu (ya\u011f\u0131) a\u011fr\u0131s\u0131zca giderir.<\/li> <li>Cilde an\u0131nda parlakl\u0131k, canl\u0131l\u0131k ve &#8220;nefes alma&#8221; hissi verir.<\/li> <li>Cilt tonu d\u00fczensizliklerini ve ince \u00e7izgileri hafifletir.<\/li> <li>Cildi yo\u011fun bir \u015fekilde nemlendirir.<\/li> <li>En hassas ciltler dahil t\u00fcm cilt tipleri i\u00e7in uygundur.<\/li> <\/ul>\t\t\t\t\t\t\t\t<\/div>\n\t\t\t\t\t<\/div>\n\t\t\t\t<\/div>\n\t\t<div class=\"elementor-element elementor-element-8214557 e-flex e-con-boxed e-con e-parent\" data-id=\"8214557\" data-element_type=\"container\">\n\t\t\t\t\t<div class=\"e-con-inner\">\n\t\t\t\t<div class=\"elementor-element elementor-element-0f854ac elementor-widget elementor-widget-heading\" data-id=\"0f854ac\" data-element_type=\"widget\" data-widget_type=\"heading.default\">\n\t\t\t\t\t<h2 class=\"elementor-heading-title elementor-size-default\"><h2>Hydrafacial Hakk\u0131nda S\u0131k\u00e7a Sorulanlar<\/h2><\/h2>\t\t\t\t<\/div>\n\t\t\t\t<div class=\"elementor-element elementor-element-76dcebf elementor-widget elementor-widget-text-editor\" data-id=\"76dcebf\" data-element_type=\"widget\" data-widget_type=\"text-editor.default\">\n\t\t\t\t\t\t\t\t\t<p><b>Tedavi ka\u00e7 seans s\u00fcrer?<\/b> Leke veya sivilce tedavisi gibi ama\u00e7lar i\u00e7in 1 hafta ara ile 4-6 seansl\u0131k bir k\u00fcr \u00f6nerilir. Ancak cildin mevcut sa\u011fl\u0131\u011f\u0131n\u0131 ve parlakl\u0131\u011f\u0131n\u0131 korumak amac\u0131yla ayda 1 kez d\u00fczenli medikal bak\u0131m olarak yap\u0131lmas\u0131 en idealidir.<\/p><p>\u00a0<\/p><p><b>\u0130\u015flemin yan etkisi var m\u0131? Ac\u0131 hissedilir mi?<\/b> Hay\u0131r. Hydrafacial tamamen ac\u0131s\u0131z ve konforlu bir i\u015flemdir. Bilinen ciddi bir yan etkisi yoktur ve herhangi bir iyile\u015fme s\u00fcreci (downtime) gerektirmez. \u0130\u015flem sonras\u0131 hafif bir k\u0131zar\u0131kl\u0131k olu\u015fabilir ancak bu durum genellikle bir saat i\u00e7inde kaybolur.<\/p><p>\u00a0<\/p><p><b>\u0130\u015flem sonras\u0131 nelere dikkat edilmeli?<\/b> Cildin uygulanan zengin serumlar\u0131 tam olarak emebilmesi i\u00e7in i\u015flem g\u00fcn\u00fc y\u00fcz\u00fcn y\u0131kanmamas\u0131 ve ertesi g\u00fcne kadar makyaj yap\u0131lmamas\u0131 \u00f6nerilir.<\/p><p>\u00a0<\/p><p><b>Kimler Hydrafacial yapt\u0131ramaz?<\/b> Aktif d\u00f6k\u00fcnt\u00fcs\u00fc, a\u00e7\u0131k yaras\u0131, ciddi g\u00fcne\u015f yan\u0131\u011f\u0131 olan ki\u015filere ve hamilelik d\u00f6neminde olanlara uygulama \u00f6nerilmez.<\/p>\t\t\t\t\t\t\t\t<\/div>\n\t\t\t\t\t<\/div>\n\t\t\t\t<\/div>\n\t\t<div class=\"elementor-element elementor-element-e205e60 e-flex e-con-boxed e-con e-parent\" data-id=\"e205e60\" data-element_type=\"container\">\n\t\t\t\t\t<div class=\"e-con-inner\">\n\t\t\t\t<div class=\"elementor-element elementor-element-8f3fb8d elementor-widget elementor-widget-heading\" data-id=\"8f3fb8d\" data-element_type=\"widget\" data-widget_type=\"heading.default\">\n\t\t\t\t\t<h2 class=\"elementor-heading-title elementor-size-default\"><h2>Cildinizin Nefes Almas\u0131 \u0130\u00e7in \u00dccretsiz Analiz<\/h2><\/h2>\t\t\t\t<\/div>\n\t\t\t\t<div class=\"elementor-element elementor-element-acd27b8 elementor-widget elementor-widget-text-editor\" data-id=\"acd27b8\" data-element_type=\"widget\" data-widget_type=\"text-editor.default\">\n\t\t\t\t\t\t\t\t\tCildinizi derinlemesine temizlemek, nemlendirmek ve korumak i\u00e7in bir saat ay\u0131r\u0131n. Cildinizin ihtiya\u00e7lar\u0131n\u0131 belirlemek ve Hydrafacial&#8217;\u0131n an\u0131nda yaratt\u0131\u011f\u0131 \u0131\u015f\u0131lt\u0131y\u0131 deneyimlemek i\u00e7in Mediora&#8217;n\u0131n uzman estetisyenlerinden \u00fccretsiz bir cilt analizi randevusu al\u0131n.\t\t\t\t\t\t\t\t<\/div>\n\t\t\t\t<div class=\"elementor-element elementor-element-8e1aa88 elementor-align-justify elementor-widget elementor-widget-button\" data-id=\"8e1aa88\" data-element_type=\"widget\" data-widget_type=\"button.default\">\n\t\t\t\t\t\t\t\t\t\t<a class=\"elementor-button elementor-button-link elementor-size-sm\" href=\"https:\/\/mediora.com.tr\/en\/appointment\/\">\n\t\t\t\t\t\t<span class=\"elementor-button-content-wrapper\">\n\t\t\t\t\t\t\t\t\t<span class=\"elementor-button-text\">Make an Appointment<\/span>\n\t\t\t\t\t<\/span>\n\t\t\t\t\t<\/a>\n\t\t\t\t\t\t\t\t<\/div>\n\t\t\t\t\t<\/div>\n\t\t\t\t<\/div>\n\t\t\t\t<section class=\"elementor-section elementor-top-section elementor-element elementor-element-7b67c98 elementor-section-content-middle elementor-section-stretched elementor-section-boxed elementor-section-height-default elementor-section-height-default\" data-id=\"7b67c98\" data-element_type=\"section\" data-settings=\"{&quot;stretch_section&quot;:&quot;section-stretched&quot;,&quot;background_background&quot;:&quot;classic&quot;}\">\n\t\t\t\t\t\t<div class=\"elementor-container elementor-column-gap-default\">\n\t\t\t\t\t<div class=\"elementor-column elementor-col-50 elementor-top-column elementor-element elementor-element-237ddad\" data-id=\"237ddad\" data-element_type=\"column\">\n\t\t\t<div class=\"elementor-widget-wrap elementor-element-populated\">\n\t\t\t\t\t\t<div class=\"elementor-element elementor-element-c1e31b3 elementor-mobile-align-center elementor-widget elementor-widget-button\" data-id=\"c1e31b3\" data-element_type=\"widget\" data-widget_type=\"button.default\">\n\t\t\t\t\t\t\t\t\t\t<a class=\"elementor-button elementor-size-sm\" role=\"button\">\n\t\t\t\t\t\t<span class=\"elementor-button-content-wrapper\">\n\t\t\t\t\t\t<span class=\"elementor-button-icon\">\n\t\t\t\t<svg aria-hidden=\"true\" class=\"e-font-icon-svg e-fas-medal\" viewbox=\"0 0 512 512\" xmlns=\"http:\/\/www.w3.org\/2000\/svg\"><path d=\"M223.75 130.75L154.62 15.54A31.997 31.997 0 0 0 127.18 0H16.03C3.08 0-4.5 14.57 2.92 25.18l111.27 158.96c29.72-27.77 67.52-46.83 109.56-53.39zM495.97 0H384.82c-11.24 0-21.66 5.9-27.44 15.54l-69.13 115.21c42.04 6.56 79.84 25.62 109.56 53.38L509.08 25.18C516.5 14.57 508.92 0 495.97 0zM256 160c-97.2 0-176 78.8-176 176s78.8 176 176 176 176-78.8 176-176-78.8-176-176-176zm92.52 157.26l-37.93 36.96 8.97 52.22c1.6 9.36-8.26 16.51-16.65 12.09L256 393.88l-46.9 24.65c-8.4 4.45-18.25-2.74-16.65-12.09l8.97-52.22-37.93-36.96c-6.82-6.64-3.05-18.23 6.35-19.59l52.43-7.64 23.43-47.52c2.11-4.28 6.19-6.39 10.28-6.39 4.11 0 8.22 2.14 10.33 6.39l23.43 47.52 52.43 7.64c9.4 1.36 13.17 12.95 6.35 19.59z\"><\/path><\/svg>\t\t\t<\/span>\n\t\t\t\t\t\t\t\t\t<span class=\"elementor-button-text\">BEST QUALITY<\/span>\n\t\t\t\t\t<\/span>\n\t\t\t\t\t<\/a>\n\t\t\t\t\t\t\t\t<\/div>\n\t\t\t\t<div class=\"elementor-element elementor-element-7fb7eb3 elementor-widget elementor-widget-heading\" data-id=\"7fb7eb3\" data-element_type=\"widget\" data-widget_type=\"heading.default\">\n\t\t\t\t\t<h2 class=\"elementor-heading-title elementor-size-default\">Our Goal: Perfect Quality!<\/h2>\t\t\t\t<\/div>\n\t\t\t\t<div class=\"elementor-element elementor-element-f7c2629 elementor-widget elementor-widget-heading\" data-id=\"f7c2629\" data-element_type=\"widget\" data-widget_type=\"heading.default\">\n\t\t\t\t\t<p class=\"elementor-heading-title elementor-size-default\">For us, quality isn't just a goal; it's the foundation of every service we offer and every detail we touch. We guarantee your satisfaction by offering reliable and meticulous solutions of the highest standards. Because we know that true success comes from quality.<\/p>\t\t\t\t<\/div>\n\t\t\t\t\t<\/div>\n\t\t<\/div>\n\t\t\t\t<div class=\"elementor-column elementor-col-50 elementor-top-column elementor-element elementor-element-bdd7fc6\" data-id=\"bdd7fc6\" data-element_type=\"column\">\n\t\t\t<div class=\"elementor-widget-wrap elementor-element-populated\">\n\t\t\t\t\t\t<div class=\"elementor-element elementor-element-ef710f4 elementor-arrows-position-inside elementor-widget elementor-widget-image-carousel\" data-id=\"ef710f4\" data-element_type=\"widget\" data-settings=\"{&quot;slides_to_show&quot;:&quot;1&quot;,&quot;navigation&quot;:&quot;arrows&quot;,&quot;autoplay&quot;:&quot;yes&quot;,&quot;pause_on_hover&quot;:&quot;yes&quot;,&quot;pause_on_interaction&quot;:&quot;yes&quot;,&quot;autoplay_speed&quot;:5000,&quot;infinite&quot;:&quot;yes&quot;,&quot;effect&quot;:&quot;slide&quot;,&quot;speed&quot;:500}\" data-widget_type=\"image-carousel.default\">\n\t\t\t\t\t\t\t<div class=\"elementor-image-carousel-wrapper swiper\" role=\"region\" aria-roledescription=\"carousel\" aria-label=\"Image Carousel\" dir=\"ltr\">\n\t\t\t<div class=\"elementor-image-carousel swiper-wrapper\" aria-live=\"off\">\n\t\t\t\t\t\t\t\t<div class=\"swiper-slide\" role=\"group\" aria-roledescription=\"slide\" aria-label=\"1 \/ 2\"><figure class=\"swiper-slide-inner\"><img decoding=\"async\" class=\"swiper-slide-image\" src=\"https:\/\/mediora.com.tr\/wp-content\/uploads\/2022\/09\/pr-15.jpg\" alt=\"pr-15\" \/><\/figure><\/div><div class=\"swiper-slide\" role=\"group\" aria-roledescription=\"slide\" aria-label=\"2 \/ 2\"><figure class=\"swiper-slide-inner\"><img decoding=\"async\" class=\"swiper-slide-image\" src=\"https:\/\/mediora.com.tr\/wp-content\/uploads\/2022\/09\/pr-07.jpg\" alt=\"pr-07\" \/><\/figure><\/div>\t\t\t<\/div>\n\t\t\t\t\t\t\t\t\t\t\t\t<div class=\"elementor-swiper-button elementor-swiper-button-prev\" role=\"button\" tabindex=\"0\">\n\t\t\t\t\t\t<svg aria-hidden=\"true\" class=\"e-font-icon-svg e-eicon-chevron-left\" viewbox=\"0 0 1000 1000\" xmlns=\"http:\/\/www.w3.org\/2000\/svg\"><path d=\"M646 125C629 125 613 133 604 142L308 442C296 454 292 471 292 487 292 504 296 521 308 533L604 854C617 867 629 875 646 875 663 875 679 871 692 858 704 846 713 829 713 812 713 796 708 779 692 767L438 487 692 225C700 217 708 204 708 187 708 171 704 154 692 142 675 129 663 125 646 125Z\"><\/path><\/svg>\t\t\t\t\t<\/div>\n\t\t\t\t\t<div class=\"elementor-swiper-button elementor-swiper-button-next\" role=\"button\" tabindex=\"0\">\n\t\t\t\t\t\t<svg aria-hidden=\"true\" class=\"e-font-icon-svg e-eicon-chevron-right\" viewbox=\"0 0 1000 1000\" xmlns=\"http:\/\/www.w3.org\/2000\/svg\"><path d=\"M696 533C708 521 713 504 713 487 713 471 708 454 696 446L400 146C388 133 375 125 354 125 338 125 325 129 313 142 300 154 292 171 292 187 292 204 296 221 308 233L563 492 304 771C292 783 288 800 288 817 288 833 296 850 308 863 321 871 338 875 354 875 371 875 388 867 400 854L696 533Z\"><\/path><\/svg>\t\t\t\t\t<\/div>\n\t\t\t\t\n\t\t\t\t\t\t\t\t\t<\/div>\n\t\t\t\t\t\t<\/div>\n\t\t\t\t\t<\/div>\n\t\t<\/div>\n\t\t\t\t\t<\/div>\n\t\t<\/section>\n\t\t\t\t<section class=\"elementor-section elementor-top-section elementor-element elementor-element-722178e elementor-section-stretched elementor-section-content-middle elementor-section-height-min-height elementor-section-boxed elementor-section-height-default elementor-section-items-middle\" data-id=\"722178e\" data-element_type=\"section\" data-settings=\"{&quot;stretch_section&quot;:&quot;section-stretched&quot;,&quot;background_background&quot;:&quot;classic&quot;}\">\n\t\t\t\t\t\t\t<div class=\"elementor-background-overlay\"><\/div>\n\t\t\t\t\t\t\t<div class=\"elementor-container elementor-column-gap-default\">\n\t\t\t\t\t<div class=\"elementor-column elementor-col-50 elementor-top-column elementor-element elementor-element-ab0f59a\" data-id=\"ab0f59a\" data-element_type=\"column\">\n\t\t\t<div class=\"elementor-widget-wrap elementor-element-populated\">\n\t\t\t\t\t\t<div class=\"elementor-element elementor-element-cffe902 elementor-invisible elementor-widget elementor-widget-image\" data-id=\"cffe902\" data-element_type=\"widget\" data-settings=\"{&quot;_animation&quot;:&quot;fadeInLeft&quot;}\" data-widget_type=\"image.default\">\n\t\t\t\t\t\t\t\t\t\t\t\t\t\t\t<img decoding=\"async\" width=\"800\" height=\"800\" src=\"https:\/\/mediora.com.tr\/wp-content\/uploads\/2025\/08\/epilasyonsonrasibakim_losyonu.webp\" class=\"attachment-large size-large wp-image-13446\" alt=\"Mediora g\u00fczellik merkezinde cilt tiplerine uygun krem ve losyonlar sat\u0131\u015fta\" srcset=\"https:\/\/mediora.com.tr\/wp-content\/uploads\/2025\/08\/epilasyonsonrasibakim_losyonu.webp 800w, https:\/\/mediora.com.tr\/wp-content\/uploads\/2025\/08\/epilasyonsonrasibakim_losyonu-300x300.webp 300w, https:\/\/mediora.com.tr\/wp-content\/uploads\/2025\/08\/epilasyonsonrasibakim_losyonu-150x150.webp 150w, https:\/\/mediora.com.tr\/wp-content\/uploads\/2025\/08\/epilasyonsonrasibakim_losyonu-768x768.webp 768w, https:\/\/mediora.com.tr\/wp-content\/uploads\/2025\/08\/epilasyonsonrasibakim_losyonu-720x720.webp 720w, https:\/\/mediora.com.tr\/wp-content\/uploads\/2025\/08\/epilasyonsonrasibakim_losyonu-12x12.webp 12w\" sizes=\"(max-width: 800px) 100vw, 800px\" \/>\t\t\t\t\t\t\t\t\t\t\t\t\t\t\t<\/div>\n\t\t\t\t\t<\/div>\n\t\t<\/div>\n\t\t\t\t<div class=\"elementor-column elementor-col-50 elementor-top-column elementor-element elementor-element-3ee1beb\" data-id=\"3ee1beb\" data-element_type=\"column\">\n\t\t\t<div class=\"elementor-widget-wrap elementor-element-populated\">\n\t\t\t\t\t\t<div class=\"elementor-element elementor-element-717e3f0 elementor-invisible elementor-widget elementor-widget-heading\" data-id=\"717e3f0\" data-element_type=\"widget\" data-settings=\"{&quot;_animation&quot;:&quot;slideInRight&quot;}\" data-widget_type=\"heading.default\">\n\t\t\t\t\t<h4 class=\"elementor-heading-title elementor-size-default\">The perfect product for you<\/h4>\t\t\t\t<\/div>\n\t\t\t\t\t<\/div>\n\t\t<\/div>\n\t\t\t\t\t<\/div>\n\t\t<\/section>\n\t\t\t\t<\/div>","protected":false},"excerpt":{"rendered":"<p>Hydrafacial Hydrafacial ile An\u0131nda Parlak ve Sa\u011fl\u0131kl\u0131 Bir Cilt Cildimiz her g\u00fcn g\u00fcne\u015f, stres, \u00e7evresel kirlilik ve makyaj kal\u0131nt\u0131lar\u0131 gibi bir\u00e7ok olumsuz fakt\u00f6rle m\u00fccadele eder. Bu durum g\u00f6zeneklerin t\u0131kanmas\u0131na, cildin matla\u015fmas\u0131na ve sa\u011fl\u0131ks\u0131z bir g\u00f6r\u00fcn\u00fcm almas\u0131na neden olur. Mediora olarak, cildinize kaybetti\u011fi \u0131\u015f\u0131lt\u0131y\u0131 ve sa\u011fl\u0131\u011f\u0131 tek bir seansta geri kazand\u0131rmak i\u00e7in Hydrafacial uygulamas\u0131n\u0131 sunuyoruz. Bu [&hellip;]<\/p>","protected":false},"author":1,"featured_media":0,"parent":16694,"menu_order":0,"comment_status":"closed","ping_status":"closed","template":"","meta":{"footnotes":""},"class_list":["post-16929","page","type-page","status-publish","hentry"],"_links":{"self":[{"href":"https:\/\/mediora.com.tr\/en\/wp-json\/wp\/v2\/pages\/16929","targetHints":{"allow":["GET"]}}],"collection":[{"href":"https:\/\/mediora.com.tr\/en\/wp-json\/wp\/v2\/pages"}],"about":[{"href":"https:\/\/mediora.com.tr\/en\/wp-json\/wp\/v2\/types\/page"}],"author":[{"embeddable":true,"href":"https:\/\/mediora.com.tr\/en\/wp-json\/wp\/v2\/users\/1"}],"replies":[{"embeddable":true,"href":"https:\/\/mediora.com.tr\/en\/wp-json\/wp\/v2\/comments?post=16929"}],"version-history":[{"count":0,"href":"https:\/\/mediora.com.tr\/en\/wp-json\/wp\/v2\/pages\/16929\/revisions"}],"up":[{"embeddable":true,"href":"https:\/\/mediora.com.tr\/en\/wp-json\/wp\/v2\/pages\/16694"}],"wp:attachment":[{"href":"https:\/\/mediora.com.tr\/en\/wp-json\/wp\/v2\/media?parent=16929"}],"curies":[{"name":"wp","href":"https:\/\/api.w.org\/{rel}","templated":true}]}}