{"id":1693,"date":"2021-05-10T10:03:16","date_gmt":"2021-05-10T10:03:16","guid":{"rendered":"http:\/\/www.nicdarkthemes.com\/themes\/seafood\/wp\/demo\/restaurant\/?page_id=1693"},"modified":"2025-08-28T00:18:23","modified_gmt":"2025-08-27T21:18:23","slug":"appointment","status":"publish","type":"page","link":"https:\/\/mediora.com.tr\/en\/appointment\/","title":{"rendered":"Appointment"},"content":{"rendered":"<div data-elementor-type=\"wp-page\" data-elementor-id=\"1693\" class=\"elementor elementor-1693\" data-elementor-post-type=\"page\">\n\t\t\t\t\t\t<section class=\"elementor-section elementor-top-section elementor-element elementor-element-6e65720 elementor-section-stretched elementor-section-content-middle elementor-section-full_width elementor-section-height-default elementor-section-height-default\" data-id=\"6e65720\" data-element_type=\"section\" data-settings=\"{&quot;stretch_section&quot;:&quot;section-stretched&quot;,&quot;background_background&quot;:&quot;classic&quot;}\">\n\t\t\t\t\t\t\t<div class=\"elementor-background-overlay\"><\/div>\n\t\t\t\t\t\t\t<div class=\"elementor-container elementor-column-gap-default\">\n\t\t\t\t\t<div class=\"elementor-column elementor-col-100 elementor-top-column elementor-element elementor-element-b7b2253\" data-id=\"b7b2253\" data-element_type=\"column\">\n\t\t\t<div class=\"elementor-widget-wrap elementor-element-populated\">\n\t\t\t\t\t\t<div class=\"elementor-element elementor-element-f893184 elementor-align-justify elementor-mobile-align-justify elementor-widget elementor-widget-button\" data-id=\"f893184\" data-element_type=\"widget\" data-widget_type=\"button.default\">\n\t\t\t\t\t\t\t\t\t\t<a class=\"elementor-button elementor-size-sm\" role=\"button\">\n\t\t\t\t\t\t<span class=\"elementor-button-content-wrapper\">\n\t\t\t\t\t\t<span class=\"elementor-button-icon\">\n\t\t\t\t<svg xmlns=\"http:\/\/www.w3.org\/2000\/svg\" xmlns:xlink=\"http:\/\/www.w3.org\/1999\/xlink\" width=\"500\" zoomandpan=\"magnify\" viewbox=\"0 0 375 374.999991\" height=\"500\" preserveaspectratio=\"xMidYMid meet\"><defs><clippath id=\"2fd93a7afc\"><path d=\"M 92 65.335938 L 334.457031 65.335938 L 334.457031 364 L 92 364 Z M 92 65.335938 \"><\/path><\/clippath><clippath id=\"eb5077fb37\"><path d=\"M 257.402344 65.601562 C 301.59375 129.964844 272.53125 188.214844 249.199219 218.984375 C 236.292969 234.113281 195.90625 268.773438 92.058594 278.816406 C 92.058594 278.816406 98.296875 278.984375 108.210938 278.984375 C 128.511719 278.984375 164.195312 278.34375 193.726562 274.414062 C 164.664062 317.148438 185.394531 363.261719 185.394531 363.261719 C 180.605469 290.867188 233.515625 280.867188 262.789062 280.867188 C 265.566406 280.867188 268.171875 280.953125 270.4375 281.078125 C 273.429688 281.71875 277.105469 282.105469 281.507812 282.234375 C 281.679688 282.234375 281.847656 282.234375 282.0625 282.234375 C 319.882812 282.234375 312.917969 254.839844 310.4375 249.410156 C 308.089844 243.941406 308.34375 240.566406 316.292969 236.761719 C 324.242188 232.957031 322.019531 228.941406 317.320312 225.4375 C 312.617188 221.933594 317.578125 218.515625 320.566406 216.589844 C 323.558594 214.667969 327.363281 212.019531 321.464844 207.617188 C 312.617188 201.761719 320.824219 197.574219 329.285156 190.691406 C 337.875 183.898438 335.011719 177.65625 321.464844 167.742188 C 313.515625 161.886719 300.609375 149.367188 297.488281 117.828125 C 294.5 86.289062 257.359375 65.5625 257.359375 65.5625 Z M 257.402344 65.601562 \"><\/path><\/clippath><clippath id=\"666c924669\"><path d=\"M 39.21875 10 L 244 10 L 244 253 L 39.21875 253 Z M 39.21875 10 \"><\/path><\/clippath><clippath id=\"ce73a5f0f1\"><path d=\"M 178.683594 247.875 C 121.203125 243.429688 102.996094 213.855469 102.996094 213.855469 C 166.972656 198.46875 207.871094 223.085938 207.871094 223.085938 C 168.640625 155.476562 192.101562 96.671875 192.101562 96.671875 C 243.558594 125.09375 232.617188 212.53125 232.617188 212.53125 C 274.753906 80.6875 177.914062 10.21875 177.914062 10.21875 C 108.210938 119.152344 185.222656 201.761719 185.222656 201.761719 C 98.9375 158.339844 39.40625 198.085938 39.40625 198.085938 C 86.332031 274.199219 178.683594 247.875 178.683594 247.875 Z M 178.683594 247.875 \"><\/path><\/clippath><\/defs><g id=\"818776c8d4\"><g clip-rule=\"nonzero\" clip-path=\"url(#2fd93a7afc)\"><g clip-rule=\"nonzero\" clip-path=\"url(#eb5077fb37)\"><path style=\" stroke:none;fill-rule:nonzero;fill:#ffffff;fill-opacity:1;\" d=\"M 18.039062 -11.449219 L 356.960938 -11.449219 L 356.960938 387.050781 L 18.039062 387.050781 Z M 18.039062 -11.449219 \"><\/path><\/g><\/g><g clip-rule=\"nonzero\" clip-path=\"url(#666c924669)\"><g clip-rule=\"nonzero\" clip-path=\"url(#ce73a5f0f1)\"><path style=\" stroke:none;fill-rule:nonzero;fill:#ffffff;fill-opacity:1;\" d=\"M 18.039062 -11.449219 L 356.960938 -11.449219 L 356.960938 387.050781 L 18.039062 387.050781 Z M 18.039062 -11.449219 \"><\/path><\/g><\/g><\/g><\/svg>\t\t\t<\/span>\n\t\t\t\t\t\t\t\t\t<span class=\"elementor-button-text\">Mediora Randevu<\/span>\n\t\t\t\t\t<\/span>\n\t\t\t\t\t<\/a>\n\t\t\t\t\t\t\t\t<\/div>\n\t\t\t\t\t<\/div>\n\t\t<\/div>\n\t\t\t\t\t<\/div>\n\t\t<\/section>\n\t\t\t\t<section class=\"elementor-section elementor-top-section elementor-element elementor-element-36aa950d elementor-section-content-middle elementor-section-stretched elementor-section-full_width elementor-section-height-default elementor-section-height-default\" data-id=\"36aa950d\" data-element_type=\"section\" data-settings=\"{&quot;stretch_section&quot;:&quot;section-stretched&quot;,&quot;background_background&quot;:&quot;classic&quot;}\">\n\t\t\t\t\t\t\t<div class=\"elementor-background-overlay\"><\/div>\n\t\t\t\t\t\t\t<div class=\"elementor-container elementor-column-gap-default\">\n\t\t\t\t\t<div class=\"elementor-column elementor-col-100 elementor-top-column elementor-element elementor-element-bb8ece6\" data-id=\"bb8ece6\" data-element_type=\"column\">\n\t\t\t<div class=\"elementor-widget-wrap elementor-element-populated\">\n\t\t\t\t\t\t<div class=\"elementor-element elementor-element-2311445 elementor-widget__width-auto elementor-widget elementor-widget-latepoint_list_of_resources\" data-id=\"2311445\" data-element_type=\"widget\" data-widget_type=\"latepoint_list_of_resources.default\">\n\t\t\t\t<div class=\"elementor-widget-container\">\n\t\t\t\t\t<div class=\"latepoint-resources-items-w resources-columns-3\"><div class=\"resource-item\"><div class=\"ri-name\"><h3>Laser Hair Removal<\/h3><\/div><div class=\"ri-buttons elementor-button-wrapper\">\n\t\t\t\t\t\t<a href=\"#\" data-selected-agent=\"1\"  class=\"latepoint-book-button os_trigger_booking elementor-button elementor-button-link elementor-size-sm\" data-selected-service=\"1\">Appointment<\/a>\n\t\t\t\t\t<\/div><\/div><div class=\"resource-item\"><div class=\"ri-name\"><h3>Medical Skin Care<\/h3><\/div><div class=\"ri-buttons elementor-button-wrapper\">\n\t\t\t\t\t\t<a href=\"#\" data-selected-agent=\"1\"  class=\"latepoint-book-button os_trigger_booking elementor-button elementor-button-link elementor-size-sm\" data-selected-service=\"2\">Appointment<\/a>\n\t\t\t\t\t<\/div><\/div><div class=\"resource-item\"><div class=\"ri-name\"><h3>G5 Magic Regional Slimming<\/h3><\/div><div class=\"ri-buttons elementor-button-wrapper\">\n\t\t\t\t\t\t<a href=\"#\" data-selected-agent=\"1\"  class=\"latepoint-book-button os_trigger_booking elementor-button elementor-button-link elementor-size-sm\" data-selected-service=\"3\">Appointment<\/a>\n\t\t\t\t\t<\/div><\/div><\/div>\t\t\t\t\t\t<\/div>\n\t\t\t\t<\/div>\n\t\t\t\t<div class=\"elementor-element elementor-element-4f02d7b elementor-widget elementor-widget-latepoint_book_form\" data-id=\"4f02d7b\" data-element_type=\"widget\" data-widget_type=\"latepoint_book_form.default\">\n\t\t\t\t<div class=\"elementor-widget-container\">\n\t\t\t\t\t<div class=\"latepoint-book-form-wrapper os-loading os_init_booking_form\" id=\"latepointBookForm_69d7b27c70ba3\" data-hide-side-panel=\"no\" data-hide-summary=\"no\" >\n\t\t\t\t\t\t<div class=\"latepoint-w latepoint-inline-form latepoint-show-side-panel\">\n\t\t\t\t\t\t\t<div class=\"latepoint-booking-form-element\">\n\t\t\t\t\t\t\t\t<div class=\"latepoint-side-panel\"><\/div>\n\t\t\t\t\t\t\t\t<div class=\"latepoint-form-w\"><\/div>\n\t\t\t\t\t\t\t<\/div>\n\t\t\t\t\t\t<\/div>\n\t\t\t\t\t<\/div>\t\t\t\t<\/div>\n\t\t\t\t<\/div>\n\t\t\t\t\t<\/div>\n\t\t<\/div>\n\t\t\t\t\t<\/div>\n\t\t<\/section>\n\t\t\t\t<\/div>","protected":false},"excerpt":{"rendered":"<p>Mediora Randevu Lazer Epilasyon Randevu Medikal Cilt Bak\u0131m\u0131 Randevu G5 Magic B\u00f6lgesel \u0130ncelme Randevu<\/p>","protected":false},"author":1,"featured_media":0,"parent":0,"menu_order":0,"comment_status":"closed","ping_status":"closed","template":"","meta":{"footnotes":""},"class_list":["post-1693","page","type-page","status-publish","hentry"],"_links":{"self":[{"href":"https:\/\/mediora.com.tr\/en\/wp-json\/wp\/v2\/pages\/1693","targetHints":{"allow":["GET"]}}],"collection":[{"href":"https:\/\/mediora.com.tr\/en\/wp-json\/wp\/v2\/pages"}],"about":[{"href":"https:\/\/mediora.com.tr\/en\/wp-json\/wp\/v2\/types\/page"}],"author":[{"embeddable":true,"href":"https:\/\/mediora.com.tr\/en\/wp-json\/wp\/v2\/users\/1"}],"replies":[{"embeddable":true,"href":"https:\/\/mediora.com.tr\/en\/wp-json\/wp\/v2\/comments?post=1693"}],"version-history":[{"count":0,"href":"https:\/\/mediora.com.tr\/en\/wp-json\/wp\/v2\/pages\/1693\/revisions"}],"wp:attachment":[{"href":"https:\/\/mediora.com.tr\/en\/wp-json\/wp\/v2\/media?parent=1693"}],"curies":[{"name":"wp","href":"https:\/\/api.w.org\/{rel}","templated":true}]}}